{"id":34,"date":"2020-05-18T21:24:43","date_gmt":"2020-05-18T19:24:43","guid":{"rendered":"http:\/\/chateau-jacquet.com\/?page_id=34"},"modified":"2025-06-05T14:49:14","modified_gmt":"2025-06-05T12:49:14","slug":"les-vignes","status":"publish","type":"page","link":"https:\/\/chateau-jacquet.com\/index.php\/les-vignes\/","title":{"rendered":""},"content":{"rendered":"\n<h1 class=\"has-text-align-center has-text-color has-large-font-size\" style=\"color:#9e7866\">PROMENER<\/h1>\n\n\n\n<p class=\"has-text-align-center\">Nos vignes, qui ont la sp\u00e9cificit\u00e9 d\u2019\u00eatre exploit\u00e9es de mani\u00e8re raisonn\u00e9es.<\/p>\n\n\n\n<p class=\"has-text-align-center\">C\u2019est pourquoi nous d\u00e9sherbons, depuis quelques ann\u00e9es, m\u00e9caniquement, afin de limiter les intrants phytopharmaceutiques.<\/p>\n\n\n\n<blockquote class=\"wp-block-quote has-text-align-center is-style-large has-text-color\" style=\"color:#9e7866\"><p>Venez d\u00e9couvrir l\u00e0 o\u00f9 tout commence&#8230;<\/p><\/blockquote>\n","protected":false},"excerpt":{"rendered":"<p>PROMENER Nos vignes, qui ont la sp\u00e9cificit\u00e9 d\u2019\u00eatre exploit\u00e9es de mani\u00e8re raisonn\u00e9es. C\u2019est pourquoi nous d\u00e9sherbons, depuis quelques ann\u00e9es, m\u00e9caniquement, afin de limiter les intrants phytopharmaceutiques. Venez d\u00e9couvrir l\u00e0 o\u00f9 tout commence&#8230;<\/p>\n","protected":false},"author":1,"featured_media":345,"parent":0,"menu_order":0,"comment_status":"closed","ping_status":"closed","template":"","meta":[],"_links":{"self":[{"href":"https:\/\/chateau-jacquet.com\/index.php\/wp-json\/wp\/v2\/pages\/34"}],"collection":[{"href":"https:\/\/chateau-jacquet.com\/index.php\/wp-json\/wp\/v2\/pages"}],"about":[{"href":"https:\/\/chateau-jacquet.com\/index.php\/wp-json\/wp\/v2\/types\/page"}],"author":[{"embeddable":true,"href":"https:\/\/chateau-jacquet.com\/index.php\/wp-json\/wp\/v2\/users\/1"}],"replies":[{"embeddable":true,"href":"https:\/\/chateau-jacquet.com\/index.php\/wp-json\/wp\/v2\/comments?post=34"}],"version-history":[{"count":20,"href":"https:\/\/chateau-jacquet.com\/index.php\/wp-json\/wp\/v2\/pages\/34\/revisions"}],"predecessor-version":[{"id":363,"href":"https:\/\/chateau-jacquet.com\/index.php\/wp-json\/wp\/v2\/pages\/34\/revisions\/363"}],"wp:featuredmedia":[{"embeddable":true,"href":"https:\/\/chateau-jacquet.com\/index.php\/wp-json\/wp\/v2\/media\/345"}],"wp:attachment":[{"href":"https:\/\/chateau-jacquet.com\/index.php\/wp-json\/wp\/v2\/media?parent=34"}],"curies":[{"name":"wp","href":"https:\/\/api.w.org\/{rel}","templated":true}]}}