{"id":69,"date":"2020-05-18T21:52:08","date_gmt":"2020-05-18T19:52:08","guid":{"rendered":"http:\/\/chateau-jacquet.com\/?page_id=69"},"modified":"2025-06-05T15:39:17","modified_gmt":"2025-06-05T13:39:17","slug":"nos-vins","status":"publish","type":"page","link":"https:\/\/chateau-jacquet.com\/index.php\/nos-vins\/","title":{"rendered":""},"content":{"rendered":"\n<div class=\"wp-container-3 wp-block-group\"><div class=\"wp-block-group__inner-container\">\n<div class=\"wp-container-2 wp-block-columns\">\n<div class=\"wp-container-1 wp-block-column\">\n<h1 class=\"has-text-align-center has-text-color has-large-font-size\" style=\"color:#9e7866\">SAVOURER<\/h1>\n<\/div>\n<\/div>\n<\/div><\/div>\n\n\n\n<p class=\"has-black-color has-text-color has-background has-medium-font-size\" style=\"background-color:#f0ede9\">Nos vins fruit\u00e9s<\/p>\n\n\n\n<p class=\"has-text-align-center has-text-color\" style=\"color:#9e7866\"><strong>Ch\u00e2teau Jacquet, Bordeaux<\/strong> <strong>Rouge<\/strong> <\/p>\n\n\n\n<p class=\"has-text-align-center\">Le Ch\u00e2teau Jacquet, assembl\u00e9e \u00e0 partir de merlot, cabernet sauvignon, malbec et de petit-verdot, ravira vos repas de l\u2019ap\u00e9ritif au dessert.  <\/p>\n\n\n\n<p class=\"has-text-align-center\"> <em>Mill\u00e9sime 201<\/em>9     8.50 \u20ac<\/p>\n\n\n\n<p class=\"has-text-align-center\"><em>Mill\u00e9sime<\/em> 2020      8.00\u20ac<\/p>\n\n\n\n<p><\/p>\n\n\n\n<p class=\"has-text-align-center has-text-color\" style=\"color:#9e7866\"><strong>Ch\u00e2teau Tour de Cazelle, C\u00f4tes de Bourg Rouge<\/strong>  <\/p>\n\n\n\n<p class=\"has-text-align-center\">Le Ch\u00e2teau Tour de Cazelle est \u00e9lev\u00e9 traditionnellement avec un assemblage plus classique cabernet sauvignon et merlot. Son nez structur\u00e9 et fruit\u00e9 apportera une touche fruit\u00e9e \u00e0 vos repas.<\/p>\n\n\n\n<p><\/p>\n\n\n\n<p class=\"has-text-align-center\"><em>Mill\u00e9sime 201<\/em>9       9.50 \u20ac<\/p>\n\n\n\n<p class=\"has-text-align-center\"><em>Mill\u00e9sime 2020<\/em>        9.00\u20ac<\/p>\n\n\n\n<p><\/p>\n\n\n\n<p class=\"has-black-color has-text-color has-background has-medium-font-size\" style=\"background-color:#f0ede9\">Nos vins bois\u00e9s<\/p>\n\n\n\n<p class=\"has-text-align-center has-text-color\" style=\"color:#9e7866\"><strong>Ch\u00e2teau Jacquet, Bordeaux Sup\u00e9rieur Rouge<\/strong>  <\/p>\n\n\n\n<p class=\"has-text-align-center\">Le Ch\u00e2teau Jacquet et son quatuor de merlot, cabernet sauvignon, malbec et petit-verdot, avec son enveloppe finement bois\u00e9e et ses senteurs \u00e9pic\u00e9es, deviendra dans le temps, un vin aux ar\u00f4mes de fruits rouges cuits.<\/p>\n\n\n\n<p class=\"has-text-align-center\"><em>Mill\u00e9sime 201<\/em>7       9.50 \u20ac<\/p>\n\n\n\n<p class=\"has-text-align-center\"><em>Mill\u00e9sime 201<\/em>8       9.00 \u20ac<\/p>\n\n\n\n<p><\/p>\n\n\n\n<p class=\"has-text-align-center has-text-color\" style=\"color:#9e7866\"><strong>Ch\u00e2teau Tour de Cazelle, C\u00f4tes de Bourg Rouge<\/strong> <\/p>\n\n\n\n<p class=\"has-text-align-center\">Le Ch\u00e2teau Tour de Cazelle, mariage du merlot et du cabernet sauvignon, saura sublimer vos viandes rouges et gibiers.<\/p>\n\n\n\n<p class=\"has-text-align-center\">Pensez aussi \u00e0 vos desserts chocolat\u00e9s !<\/p>\n\n\n\n<p class=\"has-text-align-center\"> <em>Mill\u00e9sime 201<\/em>7      10.00 \u20ac<\/p>\n\n\n\n<p class=\"has-text-align-center\"><em>Mill\u00e9sime 2018<\/em>          9.50 \u20ac <\/p>\n\n\n\n<p class=\"has-text-align-center\"><em>Magnum 2018<\/em>         18.00\u20ac<\/p>\n\n\n\n<p><\/p>\n\n\n\n<p class=\"has-black-color has-text-color has-background has-medium-font-size\" style=\"background-color:#f0ede9\">Notre vin sans sulfites<\/p>\n\n\n\n<p class=\"has-text-align-center has-text-color\" style=\"color:#9e7866\"><strong>Enigma <\/strong> <\/p>\n\n\n\n<p class=\"has-text-align-center\">Enigma a la particularit\u00e9 d\u2019\u00eatre un monoc\u00e9page, \u00e9labor\u00e9 en 100% cabernet sauvignon. C\u2019est un vin novateur, sans sulfites et r\u00e9put\u00e9 pour sa force de caract\u00e8re.<\/p>\n\n\n\n<p class=\"has-text-align-center\"><em>Mill\u00e9sime 201<\/em>9     16.00\u20ac<\/p>\n\n\n\n<p><\/p>\n\n\n\n<p class=\"has-black-color has-text-color has-background has-medium-font-size\" style=\"background-color:#f0ede9\">Nos vins fra\u00eecheurs<\/p>\n\n\n\n<p class=\"has-text-align-center has-text-color\" style=\"color:#9e7866\"><strong>Douceur, blanc moelleux <\/strong><\/p>\n\n\n\n<p class=\"has-text-align-center\">Douceur, vin blanc d\u00e9licatement sucr\u00e9 avec un assemblage s\u00e9millon, sauvignon, est id\u00e9al pour vos ap\u00e9ritifs, foie-gras et desserts.<\/p>\n\n\n\n<p class=\"has-text-align-center\"><em>Mill\u00e9sime 2023 <\/em>      8.50 \u20ac<\/p>\n\n\n\n<p><\/p>\n\n\n\n<p class=\"has-text-align-center has-text-color\" style=\"color:#9e7866\"><strong>Les Secrets de Pauline<\/strong>, <strong>blanc sec<\/strong> <\/p>\n\n\n\n<p class=\"has-text-align-center\">Les Secrets de Pauline, vin blanc sec, accompagnera vos repas \u00e0 base de fruits de mer, crustac\u00e9s et m\u00eame de fromages.<\/p>\n\n\n\n<p class=\"has-text-align-center\"><em>Mill\u00e9sime 20<\/em>20       8.00\u20ac<\/p>\n\n\n\n<p class=\"has-text-align-center\"><strong>En rupture de stock<\/strong><\/p>\n\n\n\n<p><\/p>\n\n\n\n<p class=\"has-text-align-center has-text-color\" style=\"color:#9e7866\"><strong>Les Caprices de Jade<\/strong>, <strong>ros\u00e9<\/strong> <\/p>\n\n\n\n<p class=\"has-text-align-center\">Les Caprices de Jade est un vin f\u00e9minin , 100% malbec. Il embellira vos plats gr\u00e2ce \u00e0 sa vivacit\u00e9, ses \u00e9pices et sa sucrosit\u00e9.<\/p>\n\n\n\n<p class=\"has-text-align-center\"><em>Mill\u00e9sime 2020<\/em>       8.00\u20ac<\/p>\n","protected":false},"excerpt":{"rendered":"<p>SAVOURER Nos vins fruit\u00e9s Ch\u00e2teau Jacquet, Bordeaux Rouge Le Ch\u00e2teau Jacquet, assembl\u00e9e \u00e0 partir de merlot, cabernet sauvignon, malbec et de petit-verdot, ravira vos repas de l\u2019ap\u00e9ritif au dessert. Mill\u00e9sime 2019 8.50 \u20ac Mill\u00e9sime 2020 8.00\u20ac Ch\u00e2teau Tour de Cazelle, C\u00f4tes de Bourg Rouge Le Ch\u00e2teau Tour de Cazelle est \u00e9lev\u00e9 traditionnellement avec un assemblage &hellip; <\/p>\n<p class=\"link-more\"><a href=\"https:\/\/chateau-jacquet.com\/index.php\/nos-vins\/\" class=\"more-link\">Continuer la lecture<span class=\"screen-reader-text\"> de &laquo;&nbsp;&nbsp;&raquo;<\/span><\/a><\/p>\n","protected":false},"author":1,"featured_media":343,"parent":0,"menu_order":0,"comment_status":"closed","ping_status":"closed","template":"","meta":[],"_links":{"self":[{"href":"https:\/\/chateau-jacquet.com\/index.php\/wp-json\/wp\/v2\/pages\/69"}],"collection":[{"href":"https:\/\/chateau-jacquet.com\/index.php\/wp-json\/wp\/v2\/pages"}],"about":[{"href":"https:\/\/chateau-jacquet.com\/index.php\/wp-json\/wp\/v2\/types\/page"}],"author":[{"embeddable":true,"href":"https:\/\/chateau-jacquet.com\/index.php\/wp-json\/wp\/v2\/users\/1"}],"replies":[{"embeddable":true,"href":"https:\/\/chateau-jacquet.com\/index.php\/wp-json\/wp\/v2\/comments?post=69"}],"version-history":[{"count":43,"href":"https:\/\/chateau-jacquet.com\/index.php\/wp-json\/wp\/v2\/pages\/69\/revisions"}],"predecessor-version":[{"id":373,"href":"https:\/\/chateau-jacquet.com\/index.php\/wp-json\/wp\/v2\/pages\/69\/revisions\/373"}],"wp:featuredmedia":[{"embeddable":true,"href":"https:\/\/chateau-jacquet.com\/index.php\/wp-json\/wp\/v2\/media\/343"}],"wp:attachment":[{"href":"https:\/\/chateau-jacquet.com\/index.php\/wp-json\/wp\/v2\/media?parent=69"}],"curies":[{"name":"wp","href":"https:\/\/api.w.org\/{rel}","templated":true}]}}