{"id":71,"date":"2020-05-18T21:52:08","date_gmt":"2020-05-18T19:52:08","guid":{"rendered":"http:\/\/chateau-jacquet.com\/?page_id=71"},"modified":"2025-06-05T14:50:46","modified_gmt":"2025-06-05T12:50:46","slug":"les-chais","status":"publish","type":"page","link":"https:\/\/chateau-jacquet.com\/index.php\/les-chais\/","title":{"rendered":""},"content":{"rendered":"\n<h1 class=\"has-text-align-center has-text-color has-large-font-size\" style=\"color:#9e7866\">VISITER<\/h1>\n\n\n\n<div class=\"wp-container-1 wp-block-group\"><div class=\"wp-block-group__inner-container\">\n<p class=\"has-text-align-center\">Venez visiter, en toute convivialit\u00e9, notre chai principale, \u00e9quip\u00e9 de cuve inox, d\u2019une capacit\u00e9 de 2100hl et d\u2019une ma\u00eetrise des temp\u00e9ratures, qui nous permet, avec notre savoir-faire, de proc\u00e9der \u00e0 des vinifications plus pr\u00e9cises.<\/p>\n\n\n\n<p class=\"has-text-align-center\">Nous avons aussi un chai de stockage, qui nous permet de faire reposez nos vins, d\u2019habiller nos bouteilles et d\u2019\u00e0 termes, vous les vendre avec le sourire.<\/p>\n<\/div><\/div>\n\n\n\n<blockquote class=\"wp-block-quote has-text-align-center is-style-large has-text-color\" style=\"color:#9e7866\"><p>Venez d\u00e9couvrir l\u00e0 o\u00f9 la magie op\u00e8re&#8230;<\/p><\/blockquote>\n\n\n\n<p><\/p>\n","protected":false},"excerpt":{"rendered":"<p>VISITER Venez visiter, en toute convivialit\u00e9, notre chai principale, \u00e9quip\u00e9 de cuve inox, d\u2019une capacit\u00e9 de 2100hl et d\u2019une ma\u00eetrise des temp\u00e9ratures, qui nous permet, avec notre savoir-faire, de proc\u00e9der \u00e0 des vinifications plus pr\u00e9cises. Nous avons aussi un chai de stockage, qui nous permet de faire reposez nos vins, d\u2019habiller nos bouteilles et d\u2019\u00e0 &hellip; <\/p>\n<p class=\"link-more\"><a href=\"https:\/\/chateau-jacquet.com\/index.php\/les-chais\/\" class=\"more-link\">Continuer la lecture<span class=\"screen-reader-text\"> de &laquo;&nbsp;&nbsp;&raquo;<\/span><\/a><\/p>\n","protected":false},"author":1,"featured_media":318,"parent":0,"menu_order":0,"comment_status":"closed","ping_status":"closed","template":"","meta":[],"_links":{"self":[{"href":"https:\/\/chateau-jacquet.com\/index.php\/wp-json\/wp\/v2\/pages\/71"}],"collection":[{"href":"https:\/\/chateau-jacquet.com\/index.php\/wp-json\/wp\/v2\/pages"}],"about":[{"href":"https:\/\/chateau-jacquet.com\/index.php\/wp-json\/wp\/v2\/types\/page"}],"author":[{"embeddable":true,"href":"https:\/\/chateau-jacquet.com\/index.php\/wp-json\/wp\/v2\/users\/1"}],"replies":[{"embeddable":true,"href":"https:\/\/chateau-jacquet.com\/index.php\/wp-json\/wp\/v2\/comments?post=71"}],"version-history":[{"count":15,"href":"https:\/\/chateau-jacquet.com\/index.php\/wp-json\/wp\/v2\/pages\/71\/revisions"}],"predecessor-version":[{"id":365,"href":"https:\/\/chateau-jacquet.com\/index.php\/wp-json\/wp\/v2\/pages\/71\/revisions\/365"}],"wp:featuredmedia":[{"embeddable":true,"href":"https:\/\/chateau-jacquet.com\/index.php\/wp-json\/wp\/v2\/media\/318"}],"wp:attachment":[{"href":"https:\/\/chateau-jacquet.com\/index.php\/wp-json\/wp\/v2\/media?parent=71"}],"curies":[{"name":"wp","href":"https:\/\/api.w.org\/{rel}","templated":true}]}}